{"id":1512,"date":"2017-10-30T13:15:23","date_gmt":"2017-10-30T12:15:23","guid":{"rendered":"http:\/\/amigofilm.de\/?page_id=1512"},"modified":"2024-05-17T17:02:25","modified_gmt":"2024-05-17T15:02:25","slug":"legal-notice","status":"publish","type":"page","link":"https:\/\/amigofilm.com\/de\/legal-notice\/","title":{"rendered":"impressum"},"content":{"rendered":"<h2>IMPRESSUM<span style=\"color: #ff6800;\">.<\/span><\/h2>\n<p class=\"p1\"><span class=\"s1\">bez\u00fcglich der redaktionellen inhalte, die uns partner zur verf\u00fcgung stellen und bez\u00fcglich anderweitig pr\u00e4sentierten informationen, produkten und dienstleistungen wird keine gew\u00e4hr f\u00fcr die richtigkeit \u00fcbernommen und jede haftung ausgeschlossen. <\/span><\/p>\n<p class=\"p1\"><span class=\"s1\">bez\u00fcglich fremder inhalte, zu denen verkn\u00fcpfungen (links) bestehen, distanzieren wir uns entsprechend dem urteil des landgerichts hamburg vom 12. mai 1998 ausdr\u00fccklich von den inhalten dieser internetseiten. amigofilm.com hat keinen einfluss auf inhalt und gestaltung aller verlinkten seiten. die nutzung von links, die zu seiten ausserhalb von amigofilm.com f\u00fchren, erfolgt auf eigene verantwortung der nutzer. <\/span><\/p>\n<p><b>konzeption und projektmanagement<\/b>: dipl.-ing. axel czarnecki<br \/>\n<strong>visuelle konzeption und gestaltung<\/strong>: benjamin wunn<br \/>\n<strong>programmierung der webseite<\/strong>: benjamin wunn<\/p>\n<h3>copyright<\/h3>\n<p class=\"p1\"><span class=\"s1\">alle daten und bilder dieser webseite geniessen urheberrechtlichen schutz. jede bearbeitung, vervielf\u00e4ltigung, verbreitung und \/ oder \u00f6ffentliche wiedergabe, insbesondere die ungenehmigte \u00fcbernahme in ein intranetangebot, stellt einen urheberrechtsverstoss dar, der strafrechtlich verfolgt werden und zum schadensersatz verpflichten kann. dies gilt nicht f\u00fcr daten, deren nutzung zuvor ausdr\u00fccklich freigegeben worden ist bzw. die auf der webseite zur entsprechenden nutzung gekennzeichnet worden ist. f\u00fcr diese freigaben wenden sie sich bitte an die gesch\u00e4ftsleitung von amigofilm productions. f\u00fcr den inhalt von angeboten, zu denen eine verbindung per link m\u00f6glich ist, und die nicht von amigofilm productions stammen, wird keine verantwortlichkeit und haftung \u00fcbernommen. <\/span><\/p>\n<p>\u00a9 2024 amigofilm productions e.k. \u2013 alle rechte vorbehalten.<\/p>\n<p><strong><span style=\"color: #ff6800;\">amigofilm productions e.k.<\/span><\/strong><br \/>\nkopernikusstrasse 13<br \/>\nd-63538 grosskrotzenburg<br \/>\n<strong>tel.<\/strong>: +49-171-5439647<br \/>\n<strong>fax<\/strong>: +49-3212-5439647<\/p>\n<p><strong>steuernummer<\/strong>: 022 810 60913<br \/>\n<strong>umsatzsteuer-idnr.<\/strong>: de 164394128<br \/>\n<strong>amtsgericht hanau<\/strong>: hra 93849<\/p>\n","protected":false},"excerpt":{"rendered":"<p>IMPRESSUM. bez\u00fcglich der redaktionellen inhalte, die uns partner zur verf\u00fcgung stellen und bez\u00fcglich anderweitig pr\u00e4sentierten informationen, produkten und dienstleistungen wird keine gew\u00e4hr f\u00fcr die richtigkeit \u00fcbernommen und jede haftung ausgeschlossen. bez\u00fcglich fremder inhalte, zu denen verkn\u00fcpfungen (links) bestehen, distanzieren wir uns entsprechend dem urteil des landgerichts hamburg vom 12. mai 1998 ausdr\u00fccklich von den inhalten [&#8230;]<\/p>\n<p><a class=\"btn btn-secondary understrap-read-more-link\" href=\"https:\/\/amigofilm.com\/de\/legal-notice\/\">Weiterlesen&#8230;<span class=\"screen-reader-text\"> from impressum<\/span><\/a><\/p>\n","protected":false},"author":1,"featured_media":0,"parent":0,"menu_order":0,"comment_status":"closed","ping_status":"closed","template":"","meta":[],"_links":{"self":[{"href":"https:\/\/amigofilm.com\/wp-json\/wp\/v2\/pages\/1512"}],"collection":[{"href":"https:\/\/amigofilm.com\/wp-json\/wp\/v2\/pages"}],"about":[{"href":"https:\/\/amigofilm.com\/wp-json\/wp\/v2\/types\/page"}],"author":[{"embeddable":true,"href":"https:\/\/amigofilm.com\/wp-json\/wp\/v2\/users\/1"}],"replies":[{"embeddable":true,"href":"https:\/\/amigofilm.com\/wp-json\/wp\/v2\/comments?post=1512"}],"version-history":[{"count":13,"href":"https:\/\/amigofilm.com\/wp-json\/wp\/v2\/pages\/1512\/revisions"}],"predecessor-version":[{"id":2226,"href":"https:\/\/amigofilm.com\/wp-json\/wp\/v2\/pages\/1512\/revisions\/2226"}],"wp:attachment":[{"href":"https:\/\/amigofilm.com\/wp-json\/wp\/v2\/media?parent=1512"}],"curies":[{"name":"wp","href":"https:\/\/api.w.org\/{rel}","templated":true}]}}